{"id":610,"date":"2026-04-17T06:15:38","date_gmt":"2026-04-17T06:15:38","guid":{"rendered":"https:\/\/www.freyshotels.com\/corner\/?page_id=610"},"modified":"2026-04-26T18:05:59","modified_gmt":"2026-04-26T18:05:59","slug":"traning-pa-wasa-club","status":"publish","type":"page","link":"https:\/\/www.freyshotels.com\/corner\/traning-pa-wasa-club\/","title":{"rendered":"Tr\u00e4ning p\u00e5 Wasa Club"},"content":{"rendered":"\n<div class=\"wp-block-columns has-2-columns alignfull paralax reverse wrap-lg min-h-screen\" style=\" padding-top:0;padding-right:0;padding-bottom:0;padding-left:0\">\n<div class=\"wp-block-column\" style=\"flex-basis:50%\">\n<div style=\"aspect-ratio:auto; justify-content:flex-end; padding-top:var(--wp--preset--spacing--40);padding-bottom:var(--wp--preset--spacing--40);padding-left:var(--wp--preset--spacing--40);padding-right:var(--wp--preset--spacing--40); min-height:100%;\" class=\"align wp-block-create-block-tankbar-multiblock has-text-color has-background\">\n\n\t<div class=\"multiblock-bg\">\n\n\t\t\t\t<div class=\"absolute inset-0 image-center-center\">\n\t\t\t\t<img decoding=\"async\" class=\"h-full w-full object-cover\" src=\"https:\/\/www.freyshotels.com\/corner\/wp-content\/uploads\/2026\/04\/corner_hotel_wasa_club_gym.jpg\" alt=\"Tr\u00e4ning p\u00e5 Wasa Club\" \/>\n\t\t\t<\/div>\n\t\t\t\n\t\n\t\n\t\n\t\n\t<\/div><!-- .multiblock-bg -->\n\n\t<div class=\"multiblock-inner\">\n\t\t\n\n<div class=\"wp-block-group\" style=\"min-height:30vh\"><\/div>\n\n\t<\/div>\n\n\t<\/div>\n<\/div>\n\n\n\n<div class=\"wp-block-column split noice has-brand-200-background-color has-background\" style=\"padding-top:var(--wp--preset--spacing--60);padding-right:var(--wp--preset--spacing--60);padding-bottom:var(--wp--preset--spacing--60);padding-left:var(--wp--preset--spacing--60)\">\n<h1 class=\"wp-block-heading has-brand-500-color has-text-color has-link-color has-h-1-font-size wp-elements-a15ccedcbbedf3263b7a111711ae5309\">tr\u00e4ning p\u00e5 wasa club i vasastan<\/h1>\n\n\n\n<p class=\"has-medium-font-size\" style=\"margin-bottom:var(--wp--preset--spacing--50)\">Som g\u00e4st hos oss p\u00e5 Corner Hotel ing\u00e5r tr\u00e4ning p\u00e5 Wasa Club utan extra kostnad &#8211; ett n\u00e4rliggande gym i tv\u00e5 v\u00e5ningar d\u00e4r du ocks\u00e5 kan boka squash, tr\u00e4ning med PT och massage mot betalning.<\/p>\n\n\n\n<div class=\"wp-block-buttons mt-auto\">\n<div class=\"wp-block-button is-style-fill\"><a class=\"wp-block-button__link has-brand-500-background-color has-background wp-element-button\" href=\"https:\/\/wasaclub.se\/\" target=\"_blank\" rel=\"noreferrer noopener\">till wasa club<\/a><\/div>\n<\/div>\n<\/div>\n<\/div>\n\n\n\n<div class=\"wp-block-group alignfull noice has-brand-100-background-color has-background\" style=\"border-top-left-radius:16px;border-top-right-radius:16px\">\n<div class=\"wp-block-columns has-2-columns alignfull are-vertically-aligned-center sticky-column\" style=\"column-gap: var(--wp--preset--spacing--80); row-gap: var(--wp--preset--spacing--30); padding-top:var(--wp--preset--spacing--80);padding-bottom:var(--wp--preset--spacing--80)\">\n<div class=\"wp-block-column is-vertically-aligned-center\">\t<div \t\tclass=\"media-container aspect-square    \"\n\t\t\t>\n\t\t<img loading=\"lazy\" decoding=\"async\" width=\"1024\" height=\"683\" src=\"https:\/\/www.freyshotels.com\/corner\/wp-content\/uploads\/2026\/04\/corner_hotel_wasa_club_squash-1024x683.jpg\" class=\"absolute h-full w-full object-cover rounded-2xl image-center-center\" alt=\"\" sizes=\"auto, (min-width: 1024px) 1600px, 1024px\" data-sizes=\"auto\" srcset=\"https:\/\/www.freyshotels.com\/corner\/wp-content\/uploads\/2026\/04\/corner_hotel_wasa_club_squash-1024x683.jpg 1024w, https:\/\/www.freyshotels.com\/corner\/wp-content\/uploads\/2026\/04\/corner_hotel_wasa_club_squash-300x200.jpg 300w, https:\/\/www.freyshotels.com\/corner\/wp-content\/uploads\/2026\/04\/corner_hotel_wasa_club_squash-768x512.jpg 768w, https:\/\/www.freyshotels.com\/corner\/wp-content\/uploads\/2026\/04\/corner_hotel_wasa_club_squash-1536x1025.jpg 1536w, https:\/\/www.freyshotels.com\/corner\/wp-content\/uploads\/2026\/04\/corner_hotel_wasa_club_squash.jpg 1920w\" \/>\t<\/div>\n\t<\/div>\n\n\n\n<div class=\"wp-block-column is-vertically-aligned-center\">\n<p class=\"has-brand-400-color has-text-color has-link-color has-script-medium-font-size wp-elements-2ebf01fb89268dcdc8eb43db68a30029\">Gym &amp; squash<\/p>\n\n\n\n<h2 class=\"wp-block-heading has-brand-600-color has-text-color has-link-color has-h-3-font-size wp-elements-9461101414bda4c576bcefb59e9e49f5\">wasa club<\/h2>\n\n\n\n<p class=\"has-brand-600-color has-text-color has-link-color wp-elements-7fc0cb8e76410ab29f7075ea07c0e9f5\">Som g\u00e4st p\u00e5 Corner Hotel har du fri tillg\u00e5ng till <a href=\"https:\/\/wasaclub.se\/\" target=\"_blank\" rel=\"noreferrer noopener\">Wasa Clubs<\/a> gym mot uppvisande av nyckelkort med angivet boendedatum. Du kan \u00e4ven boka squash, PT och behandlingar mot betalning. Bokar du squash ing\u00e5r boll och hyrrackets utan extra kostnad.<\/p>\n\n\n\n<p class=\"has-brand-600-color has-text-color has-link-color wp-elements-cba8497ddceb4d49f89d650b4ed8864f\">Bes\u00f6k <a href=\"https:\/\/wasaclub.se\/\" target=\"_blank\" rel=\"noreferrer noopener\">Wasa Clubs sajt<\/a> f\u00f6r mer information samt f\u00f6r bokning. Du kan \u00e4ven ringa p\u00e5 08-30 32 25 alternativt skicka ett <a href=\"mailto:reception@wasaclub.se\">mejl<\/a>.<\/p>\n<\/div>\n<\/div>\n<\/div>\n\n\n\n<div class=\"wp-block-group alignfull noice has-brand-200-background-color has-background\" style=\"padding-top:var(--wp--preset--spacing--60);padding-bottom:var(--wp--preset--spacing--60)\">    <div\n                class=\"   \"\n            >\n        <div class=\"w-full grid sm:grid-cols-2 gap-5 md:gap-8 xxl:gap-10 img_card\">    <a href=\"https:\/\/www.freyshotels.com\/corner\/se-och-gora-i-stockholm\/\" aria-label=\"Se och g\u00f6ra i Stockholm\" class=\"relative group !flex flex-col h-full overflow-hidden no-underline text-white rounded-xl \">\n\n        <div class=\"absolute inset-0\">\n            <img loading=\"lazy\" decoding=\"async\" width=\"768\" height=\"511\" src=\"https:\/\/www.freyshotels.com\/corner\/wp-content\/uploads\/2026\/04\/corner_hotel_drottninggatan-768x511.jpg\" class=\"absolute w-full h-full object-cover object-center\" alt=\"\" srcset=\"https:\/\/www.freyshotels.com\/corner\/wp-content\/uploads\/2026\/04\/corner_hotel_drottninggatan-768x511.jpg 768w, https:\/\/www.freyshotels.com\/corner\/wp-content\/uploads\/2026\/04\/corner_hotel_drottninggatan-300x200.jpg 300w, https:\/\/www.freyshotels.com\/corner\/wp-content\/uploads\/2026\/04\/corner_hotel_drottninggatan-1024x681.jpg 1024w, https:\/\/www.freyshotels.com\/corner\/wp-content\/uploads\/2026\/04\/corner_hotel_drottninggatan-1536x1022.jpg 1536w, https:\/\/www.freyshotels.com\/corner\/wp-content\/uploads\/2026\/04\/corner_hotel_drottninggatan.jpg 1920w\" sizes=\"auto, (max-width: 768px) 100vw, 768px\" \/>        <\/div>\n\n        <div class=\"absolute inset-0 pointer-events-none bg-gradient-to-r from-black\/40 to-black\/20 opacity-100 xl:group-hover:opacity-70 transition-all duration-300\"><\/div>\n\n        <div class=\"relative p-spacing-40 flex-1 flex flex-col items-start maxxl:!aspect-auto maxlg:!py-spacing-80 xl:aspect-[4\/3]\">\n            <div class=\"relative h-full flex flex-col items-center text-center justify-center lg:justify-start lg:items-start lg:text-left\">\n                                <h3 class=\"uppercase xl:group-hover:underlined\">Se och g\u00f6ra i Stockholm<\/h3>\n                <p class=\"mb-spacing-80\">H\u00e4r har vi samlat v\u00e5ra b\u00e4sta tips p\u00e5 saker att se och g\u00f6ra i Stockholm \u2013 utvalda av v\u00e5r personal f\u00f6r att ge dig en mer personlig upplevelse av staden.<\/p>\n                <div class=\"is-style-outline wp-block-button__link has-background has-white-background-color mt-auto\">L\u00e4s mer<\/div>\n            <\/div>\n        <\/div>\n    <\/a>\n        <a href=\"https:\/\/www.freyshotels.com\/corner\/hotell-stockholm\/hotellrum\/\" aria-label=\"Hotellrum\" class=\"relative group !flex flex-col h-full overflow-hidden no-underline text-white rounded-xl \">\n\n        <div class=\"absolute inset-0\">\n            <img loading=\"lazy\" decoding=\"async\" width=\"768\" height=\"512\" src=\"https:\/\/www.freyshotels.com\/corner\/wp-content\/uploads\/2026\/04\/corner_hotel_dubbelrum-freys-768x512.jpg\" class=\"absolute w-full h-full object-cover object-center\" alt=\"\" srcset=\"https:\/\/www.freyshotels.com\/corner\/wp-content\/uploads\/2026\/04\/corner_hotel_dubbelrum-freys-768x512.jpg 768w, https:\/\/www.freyshotels.com\/corner\/wp-content\/uploads\/2026\/04\/corner_hotel_dubbelrum-freys-300x200.jpg 300w, https:\/\/www.freyshotels.com\/corner\/wp-content\/uploads\/2026\/04\/corner_hotel_dubbelrum-freys-1024x683.jpg 1024w, https:\/\/www.freyshotels.com\/corner\/wp-content\/uploads\/2026\/04\/corner_hotel_dubbelrum-freys-1536x1024.jpg 1536w, https:\/\/www.freyshotels.com\/corner\/wp-content\/uploads\/2026\/04\/corner_hotel_dubbelrum-freys.jpg 1920w\" sizes=\"auto, (max-width: 768px) 100vw, 768px\" \/>        <\/div>\n\n        <div class=\"absolute inset-0 pointer-events-none bg-gradient-to-r from-black\/40 to-black\/20 opacity-100 xl:group-hover:opacity-70 transition-all duration-300\"><\/div>\n\n        <div class=\"relative p-spacing-40 flex-1 flex flex-col items-start maxxl:!aspect-auto maxlg:!py-spacing-80 xl:aspect-[4\/3]\">\n            <div class=\"relative h-full flex flex-col items-center text-center justify-center lg:justify-start lg:items-start lg:text-left\">\n                                <h3 class=\"uppercase xl:group-hover:underlined\">Hotellrum<\/h3>\n                <p class=\"mb-spacing-80\">Hos oss p\u00e5 Corner\u00a0Hotel\u00a0kan du v\u00e4lja mellan flera olika rumskategorier \u2013 fr\u00e5n bekv\u00e4ma enkelrum till familjerum f\u00f6r upp till fem personer. Vi erbjuder \u00e4ven\u00a0superiorrum, Premiumrum och en svit f\u00f6r dig som \u00f6nskar extra utrymme och en mer exklusiv hotellupplevelse i Vasastan.\u00a0<\/p>\n                <div class=\"is-style-outline wp-block-button__link has-background has-white-background-color mt-auto\">L\u00e4s mer om v\u00e5ra hotellrum<\/div>\n            <\/div>\n        <\/div>\n    <\/a>\n    <\/div>    <\/div>\n    <\/div>\n\n\n\n<div class=\"wp-block-group alignfull has-brand-100-background-color has-background\" style=\"padding-top:var(--wp--preset--spacing--60);padding-bottom:0\">\n<div class=\"wp-block-columns has-2-columns are-vertically-aligned-bottom is-not-stacked-on-mobile wrap-none\" style=\"column-gap: var(--wp--preset--spacing--40); row-gap: var(--wp--preset--spacing--20);\">\n<div class=\"wp-block-column is-vertically-aligned-bottom\">\n<h2 class=\"wp-block-heading has-h-3-font-size\">Hotell\u00ad\u00aderbjudanden och <br>aktuella hotellpaket<\/h2>\n<\/div>\n\n\n\n<div class=\"wp-block-column is-vertically-aligned-bottom\">\n<div class=\"wp-block-buttons\" style=\"justify-content: flex-end;\">\n<div class=\"wp-block-button is-style-outline is-style-outline--1\"><a class=\"wp-block-button__link has-black-background-color has-background wp-element-button\" href=\"\/freys\/hotell-stockholm\/hotellerbjudanden\/\">Visa alla<\/a><\/div>\n<\/div>\n<\/div>\n<\/div>\n\n\n    <div\n                class=\"   \"\n        style=\"margin-top: var(--wp--preset--spacing--40);\"    >\n        <div class=\"grid-swiper relative -mx-4 md:mx-0 \" data-slides-per-view=\"3\" data-image-nav><div class=\"swiper\"><div class=\"w-full swiper-wrapper\">    <a href=\"https:\/\/www.freyshotels.com\/corner\/hotell-stockholm\/hotellerbjudanden\/sommarerbjudande\/\" aria-label=\"Sommarerbjudande\" class=\"relative group overflow-hidden no-underline !flex flex-col swiper-slide !h-auto \">\n        <div class=\"relative aspect-[8\/5] overflow-hidden rounded-xl\">\n            <img loading=\"lazy\" decoding=\"async\" width=\"768\" height=\"516\" src=\"https:\/\/www.freyshotels.com\/corner\/wp-content\/uploads\/2026\/04\/corner_hotel_freys_takterrass_sommar_3-768x516.jpg\" class=\"absolute w-full h-full object-cover object-center\" alt=\"\" srcset=\"https:\/\/www.freyshotels.com\/corner\/wp-content\/uploads\/2026\/04\/corner_hotel_freys_takterrass_sommar_3-768x516.jpg 768w, https:\/\/www.freyshotels.com\/corner\/wp-content\/uploads\/2026\/04\/corner_hotel_freys_takterrass_sommar_3-300x202.jpg 300w, https:\/\/www.freyshotels.com\/corner\/wp-content\/uploads\/2026\/04\/corner_hotel_freys_takterrass_sommar_3-1024x688.jpg 1024w, https:\/\/www.freyshotels.com\/corner\/wp-content\/uploads\/2026\/04\/corner_hotel_freys_takterrass_sommar_3-1536x1032.jpg 1536w, https:\/\/www.freyshotels.com\/corner\/wp-content\/uploads\/2026\/04\/corner_hotel_freys_takterrass_sommar_3-2048x1376.jpg 2048w, https:\/\/www.freyshotels.com\/corner\/wp-content\/uploads\/2026\/04\/corner_hotel_freys_takterrass_sommar_3-1920x1290.jpg 1920w\" sizes=\"auto, (max-width: 768px) 100vw, 768px\" \/>            <div class=\"absolute top-spacing-10 left-spacing-10 flex flex-wrap gap-2\">\n                                    <div class=\"chip bg-brand-100\">\n                        20% rabatt                    <\/div>\n                            <\/div>\n        <\/div>\n        <div class=\"has-small-font-size flex-1 pt-spacing-10\" >\n                        <h3 class=\"has-medium-font-size font-medium xl:group-hover:underlined\">Sommarerbjudande<\/h3>\n                            <div class=\"mt-0.5\">Utforska Stockholm i sommar och bo p\u00e5 Corner Hotel i Vasastan. Boka minst 2 n\u00e4tter under perioden 29 juni\u20139 augusti 2026 och f\u00e5 20 procent rabatt p\u00e5 din vistelse.<\/div>\n                                        <div class=\"mt-spacing-10\"><\/div>\n                    <\/div>\n    <\/a>\n        <a href=\"https:\/\/www.freyshotels.com\/corner\/hotell-stockholm\/hotellerbjudanden\/studentrabatt-stockholm\/\" aria-label=\"Studentrabatt Stockholm\" class=\"relative group overflow-hidden no-underline !flex flex-col swiper-slide !h-auto \">\n        <div class=\"relative aspect-[8\/5] overflow-hidden rounded-xl\">\n            <img loading=\"lazy\" decoding=\"async\" width=\"768\" height=\"512\" src=\"https:\/\/www.freyshotels.com\/corner\/wp-content\/uploads\/2026\/04\/corner_hotel_freys_lobby_reception-2-768x512.jpg\" class=\"absolute w-full h-full object-cover object-center\" alt=\"\" srcset=\"https:\/\/www.freyshotels.com\/corner\/wp-content\/uploads\/2026\/04\/corner_hotel_freys_lobby_reception-2-768x512.jpg 768w, https:\/\/www.freyshotels.com\/corner\/wp-content\/uploads\/2026\/04\/corner_hotel_freys_lobby_reception-2-300x200.jpg 300w, https:\/\/www.freyshotels.com\/corner\/wp-content\/uploads\/2026\/04\/corner_hotel_freys_lobby_reception-2-1024x683.jpg 1024w, https:\/\/www.freyshotels.com\/corner\/wp-content\/uploads\/2026\/04\/corner_hotel_freys_lobby_reception-2-1536x1024.jpg 1536w, https:\/\/www.freyshotels.com\/corner\/wp-content\/uploads\/2026\/04\/corner_hotel_freys_lobby_reception-2.jpg 1920w\" sizes=\"auto, (max-width: 768px) 100vw, 768px\" \/>            <div class=\"absolute top-spacing-10 left-spacing-10 flex flex-wrap gap-2\">\n                                    <div class=\"chip bg-brand-100\">\n                        Studentrabatt                    <\/div>\n                            <\/div>\n        <\/div>\n        <div class=\"has-small-font-size flex-1 pt-spacing-10\" >\n                        <h3 class=\"has-medium-font-size font-medium xl:group-hover:underlined\">Studentrabatt Stockholm<\/h3>\n                            <div class=\"mt-0.5\">Med v\u00e5r studentrabatt kan du boka din vistelse till extra bra studentpris. Erbjudandet ger dig upp till 30 procent p\u00e5 din bokning. S\u00e5 passa p\u00e5 att ta en v\u00e4lf\u00f6rtj\u00e4nt paus fr\u00e5n studierna och checka in f\u00f6r ett dygn eller tv\u00e5.<\/div>\n                                        <div class=\"mt-spacing-10\"><\/div>\n                    <\/div>\n    <\/a>\n        <a href=\"https:\/\/www.freyshotels.com\/corner\/hotell-stockholm\/hotellerbjudanden\/specialerbjudande-25-procent-rabatt\/\" aria-label=\"Specialerbjudande 25 procent rabatt\" class=\"relative group overflow-hidden no-underline !flex flex-col swiper-slide !h-auto \">\n        <div class=\"relative aspect-[8\/5] overflow-hidden rounded-xl\">\n            <img loading=\"lazy\" decoding=\"async\" width=\"768\" height=\"394\" src=\"https:\/\/www.freyshotels.com\/corner\/wp-content\/uploads\/2026\/04\/corner_hotel_trebaddsrum_1-768x394.jpg\" class=\"absolute w-full h-full object-cover object-center\" alt=\"\" srcset=\"https:\/\/www.freyshotels.com\/corner\/wp-content\/uploads\/2026\/04\/corner_hotel_trebaddsrum_1-768x394.jpg 768w, https:\/\/www.freyshotels.com\/corner\/wp-content\/uploads\/2026\/04\/corner_hotel_trebaddsrum_1-300x154.jpg 300w, https:\/\/www.freyshotels.com\/corner\/wp-content\/uploads\/2026\/04\/corner_hotel_trebaddsrum_1-1024x525.jpg 1024w, https:\/\/www.freyshotels.com\/corner\/wp-content\/uploads\/2026\/04\/corner_hotel_trebaddsrum_1-1536x787.jpg 1536w, https:\/\/www.freyshotels.com\/corner\/wp-content\/uploads\/2026\/04\/corner_hotel_trebaddsrum_1.jpg 1920w\" sizes=\"auto, (max-width: 768px) 100vw, 768px\" \/>            <div class=\"absolute top-spacing-10 left-spacing-10 flex flex-wrap gap-2\">\n                                    <div class=\"chip bg-brand-100\">\n                        Ombokningsbar                    <\/div>\n                            <\/div>\n        <\/div>\n        <div class=\"has-small-font-size flex-1 pt-spacing-10\" >\n                        <h3 class=\"has-medium-font-size font-medium xl:group-hover:underlined\">Specialerbjudande 25 procent rabatt<\/h3>\n                            <div class=\"mt-0.5\">Boka hotell minst sju dagar innan ankomst och f\u00e5 25 procent rabatt p\u00e5 ordinarie priser, bokningen kan \u00e4ven bokas om till nytt datum senast 18.00 dagen innan ankomst.<\/div>\n                                        <div class=\"mt-spacing-10\"><\/div>\n                    <\/div>\n    <\/a>\n    <\/div><\/div><div aria-disabled=\"true\" class=\"swiper-button-prev icon-arrow !hidden md:!flex\"><\/div><div class=\"swiper-button-next icon-arrow !hidden md:!flex\"><\/div><div class=\"swiper-pagination\"><\/div><\/div>    <\/div>\n    <\/div>\n\n\n\n<div class=\"wp-block-columns has-2-columns alignfull are-vertically-aligned-center noice\" style=\"column-gap: var(--wp--preset--spacing--80); row-gap: var(--wp--preset--spacing--30); padding-top:var(--wp--preset--spacing--60);padding-bottom:var(--wp--preset--spacing--60)\">\n<div class=\"wp-block-column is-vertically-aligned-center stick\">\t<div \t\tclass=\"media-container aspect-square    \"\n\t\t\t>\n\t\t<img loading=\"lazy\" decoding=\"async\" width=\"1024\" height=\"573\" src=\"https:\/\/www.freyshotels.com\/corner\/wp-content\/uploads\/2026\/04\/corner_hotel_foretagslagenhet_utsikt_hotel_lgh401-1024x573.jpg\" class=\"absolute h-full w-full object-cover rounded-2xl image-center-center\" alt=\"\" sizes=\"auto, (min-width: 1024px) 1600px, 1024px\" data-sizes=\"auto\" srcset=\"https:\/\/www.freyshotels.com\/corner\/wp-content\/uploads\/2026\/04\/corner_hotel_foretagslagenhet_utsikt_hotel_lgh401-1024x573.jpg 1024w, https:\/\/www.freyshotels.com\/corner\/wp-content\/uploads\/2026\/04\/corner_hotel_foretagslagenhet_utsikt_hotel_lgh401-300x168.jpg 300w, https:\/\/www.freyshotels.com\/corner\/wp-content\/uploads\/2026\/04\/corner_hotel_foretagslagenhet_utsikt_hotel_lgh401-768x430.jpg 768w, https:\/\/www.freyshotels.com\/corner\/wp-content\/uploads\/2026\/04\/corner_hotel_foretagslagenhet_utsikt_hotel_lgh401-1536x860.jpg 1536w, https:\/\/www.freyshotels.com\/corner\/wp-content\/uploads\/2026\/04\/corner_hotel_foretagslagenhet_utsikt_hotel_lgh401.jpg 1920w\" \/>\t<\/div>\n\t<\/div>\n\n\n\n<div class=\"wp-block-column is-vertically-aligned-center\">\n<p class=\"has-brand-400-color has-text-color has-link-color has-script-medium-font-size wp-elements-fe09fcd8069b18a53f93948c95896b7e\">Mitt i city<\/p>\n\n\n\n<h2 class=\"wp-block-heading has-brand-600-color has-text-color has-link-color has-h-3-font-size wp-elements-8fde4e31feb2906dfcde5e1924af5053\">hitta hit<\/h2>\n\n\n\n<p class=\"has-brand-600-color has-text-color has-link-color wp-elements-8a61ee5be05c44fa6c884d6b83a30ee7\">Corner&nbsp;Hotel&nbsp;ligger centralt i Vasastan p\u00e5 R\u00e5dmansgatan \u2013 ett lugnt och charmigt omr\u00e5de i Stockholm city. H\u00e4r bor du n\u00e4ra Odenplan med goda kommunikationer via tunnelbana, buss och pendelt\u00e5g.&nbsp;<\/p>\n\n\n\n<p class=\"has-brand-600-color has-text-color has-link-color wp-elements-efc7f1d76ac2605787545ba5e31ec4bd\">P\u00e5 g\u00e5ngavst\u00e5nd hittar du \u00e4ven Centralstationen, Drottninggatan och ett brett utbud av restauranger, caf\u00e9er och butiker. L\u00e4get g\u00f6r hotellet till ett perfekt val oavsett om du bes\u00f6ker Stockholm f\u00f6r en weekend, aff\u00e4rsresa eller&nbsp;staycation.&nbsp;<\/p>\n\n\n\n<div class=\"wp-block-buttons\">\n<div class=\"wp-block-button is-style-fill\"><a class=\"wp-block-button__link has-brand-500-background-color has-background wp-element-button\" href=\"\/hitta-hit#corner-hotel\">hitta till corner hotel<\/a><\/div>\n<\/div>\n<\/div>\n<\/div>\n","protected":false},"excerpt":{"rendered":"<p>Som g\u00e4st hos oss p\u00e5 Corner Hotel ing\u00e5r tr\u00e4ning p\u00e5 Wasa Club utan extra kostnad &#8211; ett n\u00e4rliggande gym d\u00e4r du ocks\u00e5 kan boka squash, tr\u00e4ning med PT och massage.<\/p>\n","protected":false},"author":1,"featured_media":1651,"parent":0,"menu_order":50,"comment_status":"closed","ping_status":"closed","template":"","meta":{"_acf_changed":false,"footnotes":""},"page_category":[],"page_tag":[],"class_list":["post-610","page","type-page","status-publish","has-post-thumbnail","hentry"],"acf":[],"publishpress_future_action":{"enabled":false,"date":"2026-05-06 13:34:50","action":"change-status","newStatus":"draft","terms":[],"taxonomy":"page_category","extraData":[]},"publishpress_future_workflow_manual_trigger":{"enabledWorkflows":[]},"_links":{"self":[{"href":"https:\/\/www.freyshotels.com\/corner\/wp-json\/wp\/v2\/pages\/610","targetHints":{"allow":["GET"]}}],"collection":[{"href":"https:\/\/www.freyshotels.com\/corner\/wp-json\/wp\/v2\/pages"}],"about":[{"href":"https:\/\/www.freyshotels.com\/corner\/wp-json\/wp\/v2\/types\/page"}],"author":[{"embeddable":true,"href":"https:\/\/www.freyshotels.com\/corner\/wp-json\/wp\/v2\/users\/1"}],"replies":[{"embeddable":true,"href":"https:\/\/www.freyshotels.com\/corner\/wp-json\/wp\/v2\/comments?post=610"}],"version-history":[{"count":9,"href":"https:\/\/www.freyshotels.com\/corner\/wp-json\/wp\/v2\/pages\/610\/revisions"}],"predecessor-version":[{"id":1640,"href":"https:\/\/www.freyshotels.com\/corner\/wp-json\/wp\/v2\/pages\/610\/revisions\/1640"}],"wp:featuredmedia":[{"embeddable":true,"href":"https:\/\/www.freyshotels.com\/corner\/wp-json\/"}],"wp:attachment":[{"href":"https:\/\/www.freyshotels.com\/corner\/wp-json\/wp\/v2\/media?parent=610"}],"wp:term":[{"taxonomy":"page_category","embeddable":true,"href":"https:\/\/www.freyshotels.com\/corner\/wp-json\/wp\/v2\/page_category?post=610"},{"taxonomy":"page_tag","embeddable":true,"href":"https:\/\/www.freyshotels.com\/corner\/wp-json\/wp\/v2\/page_tag?post=610"}],"curies":[{"name":"wp","href":"https:\/\/api.w.org\/{rel}","templated":true}]}}