{"id":1218,"date":"2026-04-01T14:38:42","date_gmt":"2026-04-01T14:38:42","guid":{"rendered":"https:\/\/www.freyshotels.com\/freys\/?page_id=1218"},"modified":"2026-04-19T11:21:57","modified_gmt":"2026-04-19T11:21:57","slug":"se-och-gora-i-stockholm","status":"publish","type":"page","link":"https:\/\/www.freyshotels.com\/freys\/se-och-gora-i-stockholm\/","title":{"rendered":"Se och g\u00f6ra i Stockholm"},"content":{"rendered":"\n<div class=\"wp-block-columns has-2-columns alignfull paralax reverse wrap-lg min-h-screen\" style=\" padding-top:0;padding-right:0;padding-bottom:0;padding-left:0\">\n<div class=\"wp-block-column\" style=\"flex-basis:50%\">\n<div style=\"aspect-ratio:auto; justify-content:flex-end; padding-top:var(--wp--preset--spacing--40);padding-bottom:var(--wp--preset--spacing--40);padding-left:var(--wp--preset--spacing--40);padding-right:var(--wp--preset--spacing--40); min-height:100%;\" class=\"align wp-block-create-block-tankbar-multiblock has-text-color has-background\">\n\n\t<div class=\"multiblock-bg\">\n\n\t\t\t\t<div class=\"absolute inset-0 image-center-center\">\n\t\t\t\t<img decoding=\"async\" class=\"h-full w-full object-cover\" src=\"https:\/\/www.freyshotels.com\/freys\/wp-content\/uploads\/2026\/04\/freys_hotel_utsikt_vasagatan.jpg\" alt=\"Se och g\u00f6ra i Stockholm\" \/>\n\t\t\t<\/div>\n\t\t\t\n\t\n\t\n\t\n\t\n\t<\/div><!-- .multiblock-bg -->\n\n\t<div class=\"multiblock-inner\">\n\t\t\n\n<div class=\"wp-block-group\" style=\"min-height:30vh\"><\/div>\n\n\t<\/div>\n\n\t<\/div>\n<\/div>\n\n\n\n<div class=\"wp-block-column split noice has-brand-200-background-color has-background\" style=\"padding-top:var(--wp--preset--spacing--60);padding-right:var(--wp--preset--spacing--60);padding-bottom:var(--wp--preset--spacing--60);padding-left:var(--wp--preset--spacing--60)\">\n<h1 class=\"wp-block-heading has-brand-500-color has-text-color has-link-color wp-elements-8acbbe3f5397a39723ac0c84d928846c\">Se och g\u00f6ra i Stockholm<\/h1>\n\n\n\n<p class=\"has-medium-font-size\" style=\"margin-bottom:var(--wp--preset--spacing--50)\">Stockholm har n\u00e5got f\u00f6r alla \u2013 fr\u00e5n shopping och restauranger till kultur och sev\u00e4rdheter. N\u00e4r du bor p\u00e5 Freys Hotel har du ett perfekt l\u00e4ge mitt i city, bara ett stenkast fr\u00e5n Stockholm Centralstation.<br><br>H\u00e4rifr\u00e5n har du g\u00e5ngavst\u00e5nd till popul\u00e4ra omr\u00e5den som Drottninggatan, Gamla Stan och Norrmalm, samt smidiga kommunikationer till resten av staden. Oavsett om du vill uppt\u00e4cka Stockholms kulturutbud, njuta av god mat eller shoppa finns allt inom r\u00e4ckh\u00e5ll.<br><br>H\u00e4r har vi samlat v\u00e5ra b\u00e4sta tips p\u00e5 restauranger, caf\u00e9er och saker att se och g\u00f6ra i Stockholm \u2013 f\u00f6r att du ska f\u00e5 ut det mesta av din vistelse.<\/p>\n\n\n\n<div class=\"wp-block-buttons mt-auto\">\n<div class=\"wp-block-button\"><a class=\"wp-block-button__link has-brand-500-background-color has-background wp-element-button\" href=\"#utforska\">Utforska Stockholm<\/a><\/div>\n<\/div>\n<\/div>\n<\/div>\n\n\n\n<div class=\"wp-block-group alignfull noice\" id=\"utforska\" style=\"border-top-left-radius:16px;border-top-right-radius:16px;padding-top:var(--wp--preset--spacing--60);padding-bottom:var(--wp--preset--spacing--80)\">\n<p class=\"has-text-align-center has-brand-400-color has-text-color has-link-color has-script-medium-font-size wp-elements-5fb5d1de42a485b7a6a625311f0c8125\">Utforska<\/p>\n\n\n\n<h2 class=\"wp-block-heading has-text-align-center has-brand-600-color has-text-color has-link-color has-h-1-font-size wp-elements-fb58595cb361ee60a7bc9bb6ed3289ae\">Fantastiska Stockholm<\/h2>\n\n\n\n<div class=\"wp-block-columns has-2-columns alignfull\" style=\"column-gap: var(--wp--preset--spacing--50); row-gap: var(--wp--preset--spacing--50); margin-top:0;margin-bottom:0;padding-top:var(--wp--preset--spacing--70);padding-bottom:var(--wp--preset--spacing--80)\">\n<div class=\"wp-block-column stick\">\t<div \t\tclass=\"media-container aspect-square    \"\n\t\t\t>\n\t\t<img loading=\"lazy\" decoding=\"async\" width=\"1024\" height=\"683\" src=\"https:\/\/www.freyshotels.com\/freys\/wp-content\/uploads\/2026\/04\/belgobaren_toast_skagen-1024x683.jpg\" class=\"absolute h-full w-full object-cover rounded-2xl image-center-center\" alt=\"\" sizes=\"auto, (min-width: 1024px) 1600px, 1024px\" data-sizes=\"auto\" srcset=\"https:\/\/www.freyshotels.com\/freys\/wp-content\/uploads\/2026\/04\/belgobaren_toast_skagen-1024x683.jpg 1024w, https:\/\/www.freyshotels.com\/freys\/wp-content\/uploads\/2026\/04\/belgobaren_toast_skagen-300x200.jpg 300w, https:\/\/www.freyshotels.com\/freys\/wp-content\/uploads\/2026\/04\/belgobaren_toast_skagen-768x512.jpg 768w, https:\/\/www.freyshotels.com\/freys\/wp-content\/uploads\/2026\/04\/belgobaren_toast_skagen-1536x1024.jpg 1536w, https:\/\/www.freyshotels.com\/freys\/wp-content\/uploads\/2026\/04\/belgobaren_toast_skagen.jpg 1920w\" \/>\t<\/div>\n\t<\/div>\n\n\n\n<div class=\"wp-block-column\">\n<h2 class=\"wp-block-heading has-brand-600-color has-text-color has-link-color wp-elements-d7a3802d9327eb670531c3a4fb6d7607\">Restauranger<\/h2>\n\n\n\n<p class=\"has-medium-font-size\">Vi \u00e4r m\u00e5nga p\u00e5 Freys som mer \u00e4n g\u00e4rna \u00e4ter god mat p\u00e5 restaurang. Listan med personliga tips p\u00e5 just restauranger blir l\u00e5ng. L\u00e5t dig inspireras och fr\u00e5ga oss g\u00e4rna f\u00f6r mer information!<\/p>\n\n\n    <div\n\t\t        class=\"weglot-translate has-normal-font-size    \"\n\t\tstyle=\"margin-top: var(--wp--preset--spacing--40);\"    >\n        <div x-data=\"loadMorePosts({\n        currentPost: '1218',\n        postType: 'attraction',\n        initialCategories: '30',\n        initialTags: '',\n        postsPerPage: -1,\n        })\"\n             class=\"mx-auto flex flex-col items-center bg-inherit\"\n        >\n\t\t\t\n            <div x-show=\"noResults\" class=\"text-gray-500\">\n\t\t\t\tInga poster hittades            <\/div>\n\n            <div x-show=\"loading\" class=\"loading w-full h-[100px] self-start\"><\/div>\n\n            <div class=\"w-full grid gap-5 md:gap-8 attraction_card\">\n                <template x-for=\"post in posts\" :key=\"post.id\">\n\t\t\t\t\t<div\n\tx-data\n\t:data-attraction-id=\"post.id\"\n\t@click=\"$store.flyouts.openAttraction(post.id)\"\n\tclass=\"group !flex flex-wrap gap-x-spacing-30 gap-y-spacing-20 h-full overflow-hidden no-underline cursor-pointer p-spacing-20 rounded-xl border border-black\/10 transition-shadow duration-300 xl:hover:shadow-2xl\"\n>\n\t<div class=\"relative aspect-square basis-full sm:h-full sm:basis-[150px] rounded-lg overflow-hidden\">\n\t\t<div x-html=\"post.thumbnail\"><\/div>\n\t\t<div :class=\"{ 'loading': $store.flyouts.attractionLoading &#038;&#038; $store.flyouts.attractionPostId == post.id }\" class=\"icon-eye hidden xl:flex items-center justify-center absolute left-1\/2 bottom-1\/2 -translate-x-1\/2 translate-y-full rounded-full bg-white shadow-button h-12 w-12 text-[24px] opacity-0 group-hover:translate-y-1\/2 group-hover:opacity-100 transition-all duration-300\"><\/div>\n\t<\/div>\n\n\t<div class=\"flex flex-col items-start flex-1 sm:pt-spacing-10\">\n\t\t<div class=\"flex gap-2 items-center mb-2.5\">\n\t\t\t<template x-if=\"post.cat\">\n\t\t\t\t<div class=\"chip bg-brand-200\" x-text=\"post.cat\"><\/div>\n\t\t\t<\/template>\n\t\t<\/div>\n\t\t<h3 class=\"has-medium-font-size font-medium mb-2 xl:group-hover:underlined\" x-text=\"post.title\"><\/h3>\n\t\t<div class=\"has-small-font-size line-clamp-2\" x-text=\"post.excerpt\"><\/div>\n\t<\/div>\n<\/div>\n                <\/template>\n            <\/div>\n\n\t\t\t\n        <\/div>\n    <\/div>\n\t<\/div>\n<\/div>\n\n\n\n<div class=\"wp-block-columns has-2-columns alignfull\" style=\"column-gap: var(--wp--preset--spacing--50); row-gap: var(--wp--preset--spacing--50); margin-top:0;margin-bottom:0;padding-bottom:var(--wp--preset--spacing--80)\">\n<div class=\"wp-block-column stick\">\t<div \t\tclass=\"media-container aspect-square    \"\n\t\t\t>\n\t\t<img loading=\"lazy\" decoding=\"async\" width=\"1024\" height=\"785\" src=\"https:\/\/www.freyshotels.com\/freys\/wp-content\/uploads\/2026\/04\/konferensfika_freys_hotel-2-1024x785.jpg\" class=\"absolute h-full w-full object-cover rounded-2xl image-center-center\" alt=\"\" sizes=\"auto, (min-width: 1024px) 1600px, 1024px\" data-sizes=\"auto\" srcset=\"https:\/\/www.freyshotels.com\/freys\/wp-content\/uploads\/2026\/04\/konferensfika_freys_hotel-2-1024x785.jpg 1024w, https:\/\/www.freyshotels.com\/freys\/wp-content\/uploads\/2026\/04\/konferensfika_freys_hotel-2-300x230.jpg 300w, https:\/\/www.freyshotels.com\/freys\/wp-content\/uploads\/2026\/04\/konferensfika_freys_hotel-2-768x588.jpg 768w, https:\/\/www.freyshotels.com\/freys\/wp-content\/uploads\/2026\/04\/konferensfika_freys_hotel-2-1536x1177.jpg 1536w, https:\/\/www.freyshotels.com\/freys\/wp-content\/uploads\/2026\/04\/konferensfika_freys_hotel-2.jpg 1920w\" \/>\t<\/div>\n\t<\/div>\n\n\n\n<div class=\"wp-block-column\">\n<h2 class=\"wp-block-heading has-brand-600-color has-text-color has-link-color wp-elements-0d17fd3c128f01e65478b5d12eb393d9\">Cafe\u00e9r<\/h2>\n\n\n\n<p class=\"has-medium-font-size\">Att sl\u00e5 sig ner p\u00e5 caf\u00e9 och njuta av en mysig fika \u00e4r sv\u00e5rslaget och klassas som typiskt svenskt. Utbudet av caf\u00e9er i Stockholm \u00e4r gener\u00f6st, men h\u00e4r \u00e4r tre av v\u00e5ra favoriter.<\/p>\n\n\n    <div\n\t\t        class=\"weglot-translate has-normal-font-size    \"\n\t\tstyle=\"margin-top: var(--wp--preset--spacing--40);\"    >\n        <div x-data=\"loadMorePosts({\n        currentPost: '1218',\n        postType: 'attraction',\n        initialCategories: '31',\n        initialTags: '',\n        postsPerPage: -1,\n        })\"\n             class=\"mx-auto flex flex-col items-center bg-inherit\"\n        >\n\t\t\t\n            <div x-show=\"noResults\" class=\"text-gray-500\">\n\t\t\t\tInga poster hittades            <\/div>\n\n            <div x-show=\"loading\" class=\"loading w-full h-[100px] self-start\"><\/div>\n\n            <div class=\"w-full grid gap-5 md:gap-8 attraction_card\">\n                <template x-for=\"post in posts\" :key=\"post.id\">\n\t\t\t\t\t<div\n\tx-data\n\t:data-attraction-id=\"post.id\"\n\t@click=\"$store.flyouts.openAttraction(post.id)\"\n\tclass=\"group !flex flex-wrap gap-x-spacing-30 gap-y-spacing-20 h-full overflow-hidden no-underline cursor-pointer p-spacing-20 rounded-xl border border-black\/10 transition-shadow duration-300 xl:hover:shadow-2xl\"\n>\n\t<div class=\"relative aspect-square basis-full sm:h-full sm:basis-[150px] rounded-lg overflow-hidden\">\n\t\t<div x-html=\"post.thumbnail\"><\/div>\n\t\t<div :class=\"{ 'loading': $store.flyouts.attractionLoading &#038;&#038; $store.flyouts.attractionPostId == post.id }\" class=\"icon-eye hidden xl:flex items-center justify-center absolute left-1\/2 bottom-1\/2 -translate-x-1\/2 translate-y-full rounded-full bg-white shadow-button h-12 w-12 text-[24px] opacity-0 group-hover:translate-y-1\/2 group-hover:opacity-100 transition-all duration-300\"><\/div>\n\t<\/div>\n\n\t<div class=\"flex flex-col items-start flex-1 sm:pt-spacing-10\">\n\t\t<div class=\"flex gap-2 items-center mb-2.5\">\n\t\t\t<template x-if=\"post.cat\">\n\t\t\t\t<div class=\"chip bg-brand-200\" x-text=\"post.cat\"><\/div>\n\t\t\t<\/template>\n\t\t<\/div>\n\t\t<h3 class=\"has-medium-font-size font-medium mb-2 xl:group-hover:underlined\" x-text=\"post.title\"><\/h3>\n\t\t<div class=\"has-small-font-size line-clamp-2\" x-text=\"post.excerpt\"><\/div>\n\t<\/div>\n<\/div>\n                <\/template>\n            <\/div>\n\n\t\t\t\n        <\/div>\n    <\/div>\n\t<\/div>\n<\/div>\n\n\n\n<div class=\"wp-block-columns has-2-columns alignfull\" style=\"column-gap: var(--wp--preset--spacing--50); row-gap: var(--wp--preset--spacing--50); margin-top:0;margin-bottom:0;padding-bottom:var(--wp--preset--spacing--80)\">\n<div class=\"wp-block-column stick\">\t<div \t\tclass=\"media-container aspect-square    \"\n\t\t\t>\n\t\t<img loading=\"lazy\" decoding=\"async\" width=\"1024\" height=\"683\" src=\"https:\/\/www.freyshotels.com\/freys\/wp-content\/uploads\/2026\/04\/freys_hotel_utsikt_balkong-1024x683.jpg\" class=\"absolute h-full w-full object-cover rounded-2xl image-center-center\" alt=\"\" sizes=\"auto, (min-width: 1024px) 1600px, 1024px\" data-sizes=\"auto\" srcset=\"https:\/\/www.freyshotels.com\/freys\/wp-content\/uploads\/2026\/04\/freys_hotel_utsikt_balkong-1024x683.jpg 1024w, https:\/\/www.freyshotels.com\/freys\/wp-content\/uploads\/2026\/04\/freys_hotel_utsikt_balkong-300x200.jpg 300w, https:\/\/www.freyshotels.com\/freys\/wp-content\/uploads\/2026\/04\/freys_hotel_utsikt_balkong-768x512.jpg 768w, https:\/\/www.freyshotels.com\/freys\/wp-content\/uploads\/2026\/04\/freys_hotel_utsikt_balkong-1536x1024.jpg 1536w, https:\/\/www.freyshotels.com\/freys\/wp-content\/uploads\/2026\/04\/freys_hotel_utsikt_balkong.jpg 1920w\" \/>\t<\/div>\n\t<\/div>\n\n\n\n<div class=\"wp-block-column\">\n<h2 class=\"wp-block-heading has-brand-600-color has-text-color has-link-color wp-elements-3392f301f42529043c55c797bc1a536f\">Utsikt \u00f6ver Stockholm<\/h2>\n\n\n\n<p class=\"has-medium-font-size\">Centrala Stockholm bjuder p\u00e5 m\u00e5nga fina utsiktsplatser f\u00f6r att njuta av den vackra huvudstaden. H\u00e4r bjuder vi p\u00e5 n\u00e5gra av v\u00e5ra guldkorn.<\/p>\n\n\n    <div\n\t\t        class=\"weglot-translate has-normal-font-size    \"\n\t\tstyle=\"margin-top: var(--wp--preset--spacing--40);\"    >\n        <div x-data=\"loadMorePosts({\n        currentPost: '1218',\n        postType: 'attraction',\n        initialCategories: '33',\n        initialTags: '',\n        postsPerPage: -1,\n        })\"\n             class=\"mx-auto flex flex-col items-center bg-inherit\"\n        >\n\t\t\t\n            <div x-show=\"noResults\" class=\"text-gray-500\">\n\t\t\t\tInga poster hittades            <\/div>\n\n            <div x-show=\"loading\" class=\"loading w-full h-[100px] self-start\"><\/div>\n\n            <div class=\"w-full grid gap-5 md:gap-8 attraction_card\">\n                <template x-for=\"post in posts\" :key=\"post.id\">\n\t\t\t\t\t<div\n\tx-data\n\t:data-attraction-id=\"post.id\"\n\t@click=\"$store.flyouts.openAttraction(post.id)\"\n\tclass=\"group !flex flex-wrap gap-x-spacing-30 gap-y-spacing-20 h-full overflow-hidden no-underline cursor-pointer p-spacing-20 rounded-xl border border-black\/10 transition-shadow duration-300 xl:hover:shadow-2xl\"\n>\n\t<div class=\"relative aspect-square basis-full sm:h-full sm:basis-[150px] rounded-lg overflow-hidden\">\n\t\t<div x-html=\"post.thumbnail\"><\/div>\n\t\t<div :class=\"{ 'loading': $store.flyouts.attractionLoading &#038;&#038; $store.flyouts.attractionPostId == post.id }\" class=\"icon-eye hidden xl:flex items-center justify-center absolute left-1\/2 bottom-1\/2 -translate-x-1\/2 translate-y-full rounded-full bg-white shadow-button h-12 w-12 text-[24px] opacity-0 group-hover:translate-y-1\/2 group-hover:opacity-100 transition-all duration-300\"><\/div>\n\t<\/div>\n\n\t<div class=\"flex flex-col items-start flex-1 sm:pt-spacing-10\">\n\t\t<div class=\"flex gap-2 items-center mb-2.5\">\n\t\t\t<template x-if=\"post.cat\">\n\t\t\t\t<div class=\"chip bg-brand-200\" x-text=\"post.cat\"><\/div>\n\t\t\t<\/template>\n\t\t<\/div>\n\t\t<h3 class=\"has-medium-font-size font-medium mb-2 xl:group-hover:underlined\" x-text=\"post.title\"><\/h3>\n\t\t<div class=\"has-small-font-size line-clamp-2\" x-text=\"post.excerpt\"><\/div>\n\t<\/div>\n<\/div>\n                <\/template>\n            <\/div>\n\n\t\t\t\n        <\/div>\n    <\/div>\n\t<\/div>\n<\/div>\n\n\n\n<div class=\"wp-block-columns has-2-columns alignfull\" style=\"column-gap: var(--wp--preset--spacing--50); row-gap: var(--wp--preset--spacing--50); margin-top:0;margin-bottom:0;padding-top:0;padding-bottom:var(--wp--preset--spacing--80)\">\n<div class=\"wp-block-column stick\">\t<div \t\tclass=\"media-container aspect-square    \"\n\t\t\t>\n\t\t<img loading=\"lazy\" decoding=\"async\" width=\"1000\" height=\"1000\" src=\"https:\/\/www.freyshotels.com\/freys\/wp-content\/uploads\/2026\/04\/freys_hotel_karta.png\" class=\"absolute h-full w-full object-cover rounded-2xl image-center-center\" alt=\"\" sizes=\"auto, (min-width: 1024px) 1600px, 1024px\" data-sizes=\"auto\" srcset=\"https:\/\/www.freyshotels.com\/freys\/wp-content\/uploads\/2026\/04\/freys_hotel_karta.png 1000w, https:\/\/www.freyshotels.com\/freys\/wp-content\/uploads\/2026\/04\/freys_hotel_karta-300x300.png 300w, https:\/\/www.freyshotels.com\/freys\/wp-content\/uploads\/2026\/04\/freys_hotel_karta-150x150.png 150w, https:\/\/www.freyshotels.com\/freys\/wp-content\/uploads\/2026\/04\/freys_hotel_karta-768x768.png 768w\" \/>\t<\/div>\n\t<\/div>\n\n\n\n<div class=\"wp-block-column\">\n<h2 class=\"wp-block-heading has-brand-600-color has-text-color has-link-color wp-elements-3e0048c1af32e060802838b5f8833ed8\">Utflykter &amp; upplevelser<\/h2>\n\n\n\n<p class=\"has-medium-font-size\">Det finns mycket att uppleva och uppt\u00e4cka i Stockholm och dess omgivningar. Listan kan g\u00f6ras l\u00e5ng och h\u00e4r dukar vi upp n\u00e5gra f\u00f6rslag.<\/p>\n\n\n    <div\n\t\t        class=\"weglot-translate has-normal-font-size    \"\n\t\tstyle=\"margin-top: var(--wp--preset--spacing--40);\"    >\n        <div x-data=\"loadMorePosts({\n        currentPost: '1218',\n        postType: 'attraction',\n        initialCategories: '32',\n        initialTags: '',\n        postsPerPage: -1,\n        })\"\n             class=\"mx-auto flex flex-col items-center bg-inherit\"\n        >\n\t\t\t\n            <div x-show=\"noResults\" class=\"text-gray-500\">\n\t\t\t\tInga poster hittades            <\/div>\n\n            <div x-show=\"loading\" class=\"loading w-full h-[100px] self-start\"><\/div>\n\n            <div class=\"w-full grid gap-5 md:gap-8 attraction_card\">\n                <template x-for=\"post in posts\" :key=\"post.id\">\n\t\t\t\t\t<div\n\tx-data\n\t:data-attraction-id=\"post.id\"\n\t@click=\"$store.flyouts.openAttraction(post.id)\"\n\tclass=\"group !flex flex-wrap gap-x-spacing-30 gap-y-spacing-20 h-full overflow-hidden no-underline cursor-pointer p-spacing-20 rounded-xl border border-black\/10 transition-shadow duration-300 xl:hover:shadow-2xl\"\n>\n\t<div class=\"relative aspect-square basis-full sm:h-full sm:basis-[150px] rounded-lg overflow-hidden\">\n\t\t<div x-html=\"post.thumbnail\"><\/div>\n\t\t<div :class=\"{ 'loading': $store.flyouts.attractionLoading &#038;&#038; $store.flyouts.attractionPostId == post.id }\" class=\"icon-eye hidden xl:flex items-center justify-center absolute left-1\/2 bottom-1\/2 -translate-x-1\/2 translate-y-full rounded-full bg-white shadow-button h-12 w-12 text-[24px] opacity-0 group-hover:translate-y-1\/2 group-hover:opacity-100 transition-all duration-300\"><\/div>\n\t<\/div>\n\n\t<div class=\"flex flex-col items-start flex-1 sm:pt-spacing-10\">\n\t\t<div class=\"flex gap-2 items-center mb-2.5\">\n\t\t\t<template x-if=\"post.cat\">\n\t\t\t\t<div class=\"chip bg-brand-200\" x-text=\"post.cat\"><\/div>\n\t\t\t<\/template>\n\t\t<\/div>\n\t\t<h3 class=\"has-medium-font-size font-medium mb-2 xl:group-hover:underlined\" x-text=\"post.title\"><\/h3>\n\t\t<div class=\"has-small-font-size line-clamp-2\" x-text=\"post.excerpt\"><\/div>\n\t<\/div>\n<\/div>\n                <\/template>\n            <\/div>\n\n\t\t\t\n        <\/div>\n    <\/div>\n\t<\/div>\n<\/div>\n\n\n\n<div class=\"wp-block-columns has-2-columns alignfull are-vertically-aligned-center noice\" style=\"column-gap: var(--wp--preset--spacing--80); row-gap: var(--wp--preset--spacing--30); padding-top:var(--wp--preset--spacing--60);padding-bottom:var(--wp--preset--spacing--80)\">\n<div class=\"wp-block-column is-vertically-aligned-center stick\">\t<div \t\tclass=\"media-container aspect-square    \"\n\t\t\t>\n\t\t<img loading=\"lazy\" decoding=\"async\" width=\"1024\" height=\"551\" src=\"https:\/\/www.freyshotels.com\/freys\/wp-content\/uploads\/2026\/04\/freys_hotel_reception_personal1-1024x551.jpg\" class=\"absolute h-full w-full object-cover rounded-2xl image-center-center\" alt=\"\" sizes=\"auto, (min-width: 1024px) 1600px, 1024px\" data-sizes=\"auto\" srcset=\"https:\/\/www.freyshotels.com\/freys\/wp-content\/uploads\/2026\/04\/freys_hotel_reception_personal1-1024x551.jpg 1024w, https:\/\/www.freyshotels.com\/freys\/wp-content\/uploads\/2026\/04\/freys_hotel_reception_personal1-300x162.jpg 300w, https:\/\/www.freyshotels.com\/freys\/wp-content\/uploads\/2026\/04\/freys_hotel_reception_personal1-768x414.jpg 768w, https:\/\/www.freyshotels.com\/freys\/wp-content\/uploads\/2026\/04\/freys_hotel_reception_personal1-1536x827.jpg 1536w, https:\/\/www.freyshotels.com\/freys\/wp-content\/uploads\/2026\/04\/freys_hotel_reception_personal1.jpg 1920w\" \/>\t<\/div>\n\t<\/div>\n\n\n\n<div class=\"wp-block-column is-vertically-aligned-center\">\n<p class=\"has-brand-400-color has-text-color has-link-color has-script-medium-font-size wp-elements-0ea35624b9a5f717ed8a07e5c3c167e3\">En plats att l\u00e4ngta till<\/p>\n\n\n\n<h2 class=\"wp-block-heading has-brand-600-color has-text-color has-link-color has-h-3-font-size wp-elements-bbf0af19e066938ff74082261c28d20f\">mitt i stockholm city<\/h2>\n\n\n\n<p class=\"has-brand-600-color has-text-color has-link-color wp-elements-eb242e697a042cfc351cdb9bc434d632\">Freys \u00e4r inte bara ett hotell \u2013 det \u00e4r en paus fr\u00e5n vardagen. En varm och personlig plats mitt i Stockholm d\u00e4r varje vistelse bjuder p\u00e5 lugn, omtanke och sm\u00e5 stunder av lyx.&nbsp;<\/p>\n\n\n\n<p class=\"has-brand-600-color has-text-color has-link-color wp-elements-9f5984978fd236b23c1cdf1821b287fa\">H\u00e4r b\u00f6rjar du dagen i mjuka lakan, kliver rakt ut i stadens puls och kommer hem till en plats som k\u00e4nns lika mycket som hemma som borta. Oavsett om du reser f\u00f6r romantik eller f\u00f6r att skapa minnesv\u00e4rda stunder tillsammans, s\u00e5 finns vi h\u00e4r \u2013 bara ett stenkast fr\u00e5n Centralstationen.&nbsp;<\/p>\n\n\n\n<div class=\"wp-block-buttons\">\n<div class=\"wp-block-button is-style-fill\"><a class=\"wp-block-button__link has-brand-500-background-color has-background wp-element-button\" href=\"https:\/\/www.freyshotels.com\/freys\/hotell-stockholm\/\" target=\"_blank\" rel=\"noreferrer noopener\">l\u00e4s mer om hotellet<\/a><\/div>\n<\/div>\n<\/div>\n<\/div>\n<\/div>\n","protected":false},"excerpt":{"rendered":"<p>Freys Hotel erbjuder det perfekta utg\u00e5ngsl\u00e4get f\u00f6r din vistelse i Stockholm. Vi \u00e4r angel\u00e4gna om att g\u00f6ra v\u00e5rt yttersta f\u00f6r att du som g\u00e4st ska f\u00e5 ut s\u00e5 mycket som m\u00f6jligt under ditt bes\u00f6k hos oss. Vi har d\u00e4rf\u00f6r tagit fram personliga tips p\u00e5 restauranger, caf\u00e9er och saker att se och g\u00f6ra. Vi hoppas att du uppskattar v\u00e5ra tips!<\/p>\n","protected":false},"author":1,"featured_media":1321,"parent":0,"menu_order":50,"comment_status":"closed","ping_status":"closed","template":"","meta":{"_acf_changed":false,"footnotes":""},"page_category":[],"page_tag":[],"class_list":["post-1218","page","type-page","status-publish","has-post-thumbnail","hentry"],"acf":[],"publishpress_future_action":{"enabled":false,"date":"2026-05-06 13:36:14","action":"change-status","newStatus":"draft","terms":[],"taxonomy":"page_category","extraData":[]},"publishpress_future_workflow_manual_trigger":{"enabledWorkflows":[]},"_links":{"self":[{"href":"https:\/\/www.freyshotels.com\/freys\/wp-json\/wp\/v2\/pages\/1218","targetHints":{"allow":["GET"]}}],"collection":[{"href":"https:\/\/www.freyshotels.com\/freys\/wp-json\/wp\/v2\/pages"}],"about":[{"href":"https:\/\/www.freyshotels.com\/freys\/wp-json\/wp\/v2\/types\/page"}],"author":[{"embeddable":true,"href":"https:\/\/www.freyshotels.com\/freys\/wp-json\/wp\/v2\/users\/1"}],"replies":[{"embeddable":true,"href":"https:\/\/www.freyshotels.com\/freys\/wp-json\/wp\/v2\/comments?post=1218"}],"version-history":[{"count":17,"href":"https:\/\/www.freyshotels.com\/freys\/wp-json\/wp\/v2\/pages\/1218\/revisions"}],"predecessor-version":[{"id":2903,"href":"https:\/\/www.freyshotels.com\/freys\/wp-json\/wp\/v2\/pages\/1218\/revisions\/2903"}],"wp:featuredmedia":[{"embeddable":true,"href":"https:\/\/www.freyshotels.com\/freys\/wp-json\/"}],"wp:attachment":[{"href":"https:\/\/www.freyshotels.com\/freys\/wp-json\/wp\/v2\/media?parent=1218"}],"wp:term":[{"taxonomy":"page_category","embeddable":true,"href":"https:\/\/www.freyshotels.com\/freys\/wp-json\/wp\/v2\/page_category?post=1218"},{"taxonomy":"page_tag","embeddable":true,"href":"https:\/\/www.freyshotels.com\/freys\/wp-json\/wp\/v2\/page_tag?post=1218"}],"curies":[{"name":"wp","href":"https:\/\/api.w.org\/{rel}","templated":true}]}}