{"id":1236,"date":"2026-04-02T05:57:41","date_gmt":"2026-04-02T05:57:41","guid":{"rendered":"https:\/\/www.freyshotels.com\/freys\/?page_id=1236"},"modified":"2026-04-29T07:21:20","modified_gmt":"2026-04-29T07:21:20","slug":"presentkort","status":"publish","type":"page","link":"https:\/\/www.freyshotels.com\/freys\/presentkort\/","title":{"rendered":"Presentkort"},"content":{"rendered":"\n<div class=\"wp-block-columns has-2-columns alignfull paralax reverse wrap-lg min-h-screen\" style=\" padding-top:0;padding-right:0;padding-bottom:0;padding-left:0\">\n<div class=\"wp-block-column\" style=\"flex-basis:50%\">\n<div style=\"aspect-ratio:auto; justify-content:flex-end; padding-top:var(--wp--preset--spacing--40);padding-bottom:var(--wp--preset--spacing--40);padding-left:var(--wp--preset--spacing--40);padding-right:var(--wp--preset--spacing--40); min-height:100%;\" class=\"align wp-block-create-block-tankbar-multiblock has-text-color has-background\">\n\n\t<div class=\"multiblock-bg\">\n\n\t\t\t\t<div class=\"absolute inset-0 image-center-center\">\n\t\t\t\t<img decoding=\"async\" class=\"h-full w-full object-cover\" src=\"https:\/\/www.freyshotels.com\/freys\/wp-content\/uploads\/2026\/04\/freys_hotel_presentkort-hemsida-2.png\" alt=\"Presentkort\" \/>\n\t\t\t<\/div>\n\t\t\t\n\t\n\t\n\t\n\t\n\t<\/div><!-- .multiblock-bg -->\n\n\t<div class=\"multiblock-inner\">\n\t\t\n\n<div class=\"wp-block-group\" style=\"min-height:30vh\"><\/div>\n\n\t<\/div>\n\n\t<\/div>\n<\/div>\n\n\n\n<div class=\"wp-block-column split noice has-brand-200-background-color has-background\" style=\"padding-top:var(--wp--preset--spacing--60);padding-right:var(--wp--preset--spacing--60);padding-bottom:var(--wp--preset--spacing--60);padding-left:var(--wp--preset--spacing--60)\">\n<h1 class=\"wp-block-heading has-brand-500-color has-text-color has-link-color wp-elements-4d7d8ccf0bf50caccbbb4b86019c0ebd\">K\u00f6p ditt presentkort online h\u00e4r!<\/h1>\n\n\n\n<p class=\"has-medium-font-size\" style=\"margin-bottom:var(--wp--preset--spacing--50)\">Ett presentkort p\u00e5 en hotellvistelse i Stockholm \u00e4r alltid uppskattat \u2013 oavsett om du vill fira n\u00e5gon du tycker om, sk\u00e4mma bort en v\u00e4n eller ge bort lite vardagslyx. En perfekt g\u00e5va till den som redan har allt. K\u00f6p direkt online \u2013 snabbt, enkelt och med omtanke.&nbsp;<\/p>\n\n\n\n<div class=\"wp-block-buttons mt-auto\">\n<div class=\"wp-block-button\"><a class=\"wp-block-button__link has-brand-500-background-color has-background wp-element-button\" href=\"#presentkort\">K\u00f6p presentkort<\/a><\/div>\n<\/div>\n<\/div>\n<\/div>\n\n\n\n<div class=\"wp-block-group alignfull noice\" id=\"presentkort\" style=\"border-top-left-radius:16px;border-top-right-radius:16px;padding-top:var(--wp--preset--spacing--60);padding-bottom:var(--wp--preset--spacing--80)\">\n<h2 class=\"wp-block-heading has-text-align-center has-brand-500-color has-text-color has-link-color wp-elements-5984e695e22e0f655a30760e45c98d62\">Ge bort ett presentkort<\/h2>\n\n\n\n<p class=\"has-text-align-center narrower\">H\u00e4r kan du enkelt k\u00f6pa ett presentkort online. V\u00e4lj\u00a0mellan f\u00e4rdiga motiv eller\u00a0ladda upp en egen bild. Du kan \u00e4ven v\u00e4lja mellan utvalda VIP-paket eller ett valfritt belopp.\u00a0<br>Allt sker smidigt direkt p\u00e5 v\u00e5r hemsida \u2013 perfekt n\u00e4r du vill ge bort n\u00e5got personligt och uppskattat.\u00a0<br><em>V\u00e4nligen notera att formul\u00e4ret nedan endast finns p\u00e5 svenska. <\/em><\/p>\n\n\n<div\n\t\tclass=\"text-center   \"\n\tstyle=\"margin-top: var(--wp--preset--spacing--30);\">\n\t<button\n\t\tdata-flyout-toggle=\"add-ons\"\n\t\taria-label=\"Visa VIP-paket och tillval\"\n\t\tclass=\"wp-block-button__link is-style-outline has-background has-black-background-color\"\n\t>\n\t\tVisa VIP-paket och tillval\n\t<\/button>\n<\/div>\n\n<div\n\t\tclass=\"   \"\n\tstyle=\"margin-top: var(--wp--preset--spacing--50);\">\n    <script type=\"text\/javascript\">\n        \/\/ Internet Explorer 6-11 var isIE = \/*@cc_on!@*\/false || !!document.documentMode; if (isIE) { alert(\"Du anv\u00e4nder en \u00e4ldre webbl\u00e4sare (Internet Explorer) som inte st\u00f6der funktionerna p\u00e5 den h\u00e4r sidan. Var v\u00e4nlig och anv\u00e4nd en nyare webbl\u00e4sare.\"); }\n    <\/script>\n    <script src=\"https:\/\/code.jquery.com\/jquery-3.6.0.min.js\"><\/script>\n    <script src=\"https:\/\/checkout.dibspayment.eu\/v1\/checkout.js?v=1\"><\/script>\n    <script\n        type=\"text\/javascript\"\n        id=\"TBGiftCardScript\"\n        src=\"https:\/\/presentkort.tankbar.com\/giftcardclient\/giftcardclient-dibs-2.0.0.min.js\"\n        data-id=\"0d063ead-8975-46ec-9533-77623fb0ab2e\"\n        data-lang=\"sv-SE\"><\/script>\n<\/div><\/div>\n\n\n\n<div class=\"wp-block-columns has-2-columns alignfull noice has-brand-200-background-color has-background\" style=\"column-gap: var(--wp--preset--spacing--40); row-gap: var(--wp--preset--spacing--40); padding-top:var(--wp--preset--spacing--80);padding-bottom:var(--wp--preset--spacing--80)\">\n<div class=\"wp-block-column\">\n<div style=\"aspect-ratio:4\/3; justify-content:center; border-top-left-radius:12px;border-top-right-radius:12px;border-bottom-left-radius:12px;border-bottom-right-radius:12px; padding-top:var(--wp--preset--spacing--40);padding-bottom:var(--wp--preset--spacing--40);padding-left:var(--wp--preset--spacing--40);padding-right:var(--wp--preset--spacing--40);\" class=\"align image-card wp-elements-f4892bf5a40d676417684bc4a56bda5c wp-block-create-block-tankbar-multiblock has-text-color has-white-color has-background\">\n\n\t<div class=\"multiblock-bg\">\n\n\t\n\t\n\t\t\t\t\t<div class=\"multiblock-gallery\">\n\t\t\t<div class=\"swiper\"\n\t\t\t\t data-transition-duration=\"1500\"\n\t\t\t\t data-interval-duration=\"6000\"\n\t\t\t\t data-transition-style=\"fade\"\n\t\t\t\t data-gallery-buttons=\"false\"\n\t\t\t\t data-gallery-pagination=\"false\">\n\t\t\t\t<div class=\"swiper-wrapper\">\n\t\t\t\t\t\t\t\t\t\t\t\t\t\t\t\t\t\t\t\t\t\t<div class=\"swiper-slide gallery-item\">\n\t\t\t\t\t\t\t<img decoding=\"async\" src=\"https:\/\/www.freyshotels.com\/freys\/wp-content\/uploads\/2026\/04\/freys_hotel_superior_plus_1-1024x651.jpg\" alt=\"Bakgrundsbild\" width=\"100%\" height=\"100%\" \/>\n\t\t\t\t\t\t<\/div>\n\t\t\t\t\t\t\t\t\t\t\t\t\t\t<\/div>\n\t\t\t<\/div>\n\t\t<\/div>\n\t\n\t\n\t\n\t<\/div><!-- .multiblock-bg -->\n\n\t<div class=\"multiblock-inner\">\n\t\t\n\n<p class=\"has-script-normal-font-size\">Hotell ljuva hem<\/p>\n\n\n\n<h3 class=\"wp-block-heading\">hotellrum<\/h3>\n\n\n\n<p>Hos oss finns flera olika rumskategorier. Vi erbjuder allt fr\u00e5n mindre enkelrum till rymliga&nbsp;superiorrum&nbsp;med balkong. F\u00f6r dig som vill ha \u00e4nnu mer utrymme har vi en svit med sovrum, s\u00e4llskapsrum och balkong som str\u00e4cker sig runt hela rummet. H\u00e4r ser du ut \u00f6ver Stockholms hustak, Gamla stan och Stadshuset.&nbsp;<\/p>\n\n\n\n<div class=\"wp-block-buttons\">\n<div class=\"wp-block-button is-style-outline is-style-outline--1\"><a class=\"wp-block-button__link has-white-background-color has-background wp-element-button\" href=\"https:\/\/www.freyshotels.com\/freys\/hotell-stockholm\/hotellrum\/\" target=\"_blank\" rel=\"noreferrer noopener\">Utforska<\/a><\/div>\n<\/div>\n\n\t<\/div>\n\n\t<\/div>\n<\/div>\n\n\n\n<div class=\"wp-block-column\">\n<div style=\"aspect-ratio:4\/3; justify-content:center; border-top-left-radius:12px;border-top-right-radius:12px;border-bottom-left-radius:12px;border-bottom-right-radius:12px; padding-top:var(--wp--preset--spacing--40);padding-bottom:var(--wp--preset--spacing--40);padding-left:var(--wp--preset--spacing--40);padding-right:var(--wp--preset--spacing--40);\" class=\"align image-card wp-elements-cae33069cf4e846f02e4b364a219cfdc wp-block-create-block-tankbar-multiblock has-text-color has-white-color has-background\">\n\n\t<div class=\"multiblock-bg\">\n\n\t\n\t\n\t\t\t\t\t<div class=\"multiblock-gallery\">\n\t\t\t<div class=\"swiper\"\n\t\t\t\t data-transition-duration=\"1500\"\n\t\t\t\t data-interval-duration=\"6000\"\n\t\t\t\t data-transition-style=\"fade\"\n\t\t\t\t data-gallery-buttons=\"false\"\n\t\t\t\t data-gallery-pagination=\"false\">\n\t\t\t\t<div class=\"swiper-wrapper\">\n\t\t\t\t\t\t\t\t\t\t\t\t\t\t\t\t\t\t\t\t\t\t<div class=\"swiper-slide gallery-item\">\n\t\t\t\t\t\t\t<img decoding=\"async\" src=\"https:\/\/www.freyshotels.com\/freys\/wp-content\/uploads\/2026\/04\/freys_hotel_vippaket_spontanitet_2-1024x683.jpg\" alt=\"Bakgrundsbild\" width=\"100%\" height=\"100%\" \/>\n\t\t\t\t\t\t<\/div>\n\t\t\t\t\t\t\t\t\t\t\t\t\t\t<\/div>\n\t\t\t<\/div>\n\t\t<\/div>\n\t\n\t\n\t\n\t<\/div><!-- .multiblock-bg -->\n\n\t<div class=\"multiblock-inner\">\n\t\t\n\n<p class=\"has-script-normal-font-size\">Unika<\/p>\n\n\n\n<h3 class=\"wp-block-heading\">hotellerbjudanden<\/h3>\n\n\n\n<p>V\u00e5ra b\u00e4sta hotellerbjudanden f\u00f6r \u00f6vernattning i Stockholm hittar du h\u00e4r. Specialerbjudanden och hotellpaket som endast kan bokas direkt hos oss, h\u00e4r bokar du alltid din hotellvistelse till b\u00e4sta pris.<\/p>\n\n\n\n<div class=\"wp-block-buttons\">\n<div class=\"wp-block-button is-style-outline is-style-outline--2\"><a class=\"wp-block-button__link has-white-background-color has-background wp-element-button\" href=\"https:\/\/www.freyshotels.com\/freys\/hotell-stockholm\/hotellerbjudanden-stockholm\/\" target=\"_blank\" rel=\"noreferrer noopener\">Utforska<\/a><\/div>\n<\/div>\n\n\t<\/div>\n\n\t<\/div>\n<\/div>\n<\/div>\n","protected":false},"excerpt":{"rendered":"<p>Ge bort en uppskattad hotellupplevelse i Stockholm. K\u00f6p ett presentkort p\u00e5 Freys Hotel och v\u00e4lj sj\u00e4lv belopp eller paket \u2013 snabbt och enkelt online. <\/p>\n","protected":false},"author":1,"featured_media":1237,"parent":0,"menu_order":70,"comment_status":"closed","ping_status":"closed","template":"","meta":{"_acf_changed":false,"footnotes":""},"page_category":[],"page_tag":[],"class_list":["post-1236","page","type-page","status-publish","has-post-thumbnail","hentry"],"acf":[],"publishpress_future_action":{"enabled":false,"date":"2026-05-06 12:14:43","action":"change-status","newStatus":"draft","terms":[],"taxonomy":"page_category","extraData":[]},"publishpress_future_workflow_manual_trigger":{"enabledWorkflows":[]},"_links":{"self":[{"href":"https:\/\/www.freyshotels.com\/freys\/wp-json\/wp\/v2\/pages\/1236","targetHints":{"allow":["GET"]}}],"collection":[{"href":"https:\/\/www.freyshotels.com\/freys\/wp-json\/wp\/v2\/pages"}],"about":[{"href":"https:\/\/www.freyshotels.com\/freys\/wp-json\/wp\/v2\/types\/page"}],"author":[{"embeddable":true,"href":"https:\/\/www.freyshotels.com\/freys\/wp-json\/wp\/v2\/users\/1"}],"replies":[{"embeddable":true,"href":"https:\/\/www.freyshotels.com\/freys\/wp-json\/wp\/v2\/comments?post=1236"}],"version-history":[{"count":17,"href":"https:\/\/www.freyshotels.com\/freys\/wp-json\/wp\/v2\/pages\/1236\/revisions"}],"predecessor-version":[{"id":2973,"href":"https:\/\/www.freyshotels.com\/freys\/wp-json\/wp\/v2\/pages\/1236\/revisions\/2973"}],"wp:featuredmedia":[{"embeddable":true,"href":"https:\/\/www.freyshotels.com\/freys\/wp-json\/"}],"wp:attachment":[{"href":"https:\/\/www.freyshotels.com\/freys\/wp-json\/wp\/v2\/media?parent=1236"}],"wp:term":[{"taxonomy":"page_category","embeddable":true,"href":"https:\/\/www.freyshotels.com\/freys\/wp-json\/wp\/v2\/page_category?post=1236"},{"taxonomy":"page_tag","embeddable":true,"href":"https:\/\/www.freyshotels.com\/freys\/wp-json\/wp\/v2\/page_tag?post=1236"}],"curies":[{"name":"wp","href":"https:\/\/api.w.org\/{rel}","templated":true}]}}